{"id":126,"date":"2024-05-29T20:05:39","date_gmt":"2024-05-29T20:05:39","guid":{"rendered":"https:\/\/museolaslilas.org\/tienda\/?page_id=126"},"modified":"2025-08-16T21:00:47","modified_gmt":"2025-08-17T00:00:47","slug":"politica-de-privacidad","status":"publish","type":"page","link":"https:\/\/museolaslilas.org\/tienda\/politica-de-privacidad\/","title":{"rendered":"Pol\u00edtica de privacidad"},"content":{"rendered":"\n<h1 class=\"wp-block-heading\" style=\"font-size:clamp(22.041px, 1.378rem + ((1vw - 3.2px) * 1.091), 36px);\">Pol\u00edtica de privacidad<\/h1>\n\n\n\n<p style=\"margin-top:var(--wp--preset--spacing--70);margin-bottom:var(--wp--preset--spacing--70);font-size:clamp(14px, 0.875rem + ((1vw - 3.2px) * 0.313), 18px);line-height:1.7\">Tienda Museo Las Lilas se reserva el derecho de efectuar modificaciones a las presentes pol\u00edticas para dar mejor tratamiento a la informaci\u00f3n personal.<\/p>\n\n\n\n<h3 class=\"wp-block-heading has-palette-color-4-color has-text-color has-link-color wp-elements-a159eb5dbbb642d59caee312ba057725\">Informaci\u00f3n Personal<\/h3>\n\n\n\n<p>Recopilamos la informaci\u00f3n que usted ingresa en nuestro sitio web para operar el mismo. Los datos requeridos son necesarios para acceder a las funciones del sitio y realizar las transacciones de compra. Todos los datos recopilados son estrictamente privados y no estar\u00e1n disponibles p\u00fablicamente. La informaci\u00f3n personal es recopilada y almacenada s\u00f3lo cuando ha sido proporcionada por usted. Al usar nuestro sitio, usted consiente que su informaci\u00f3n personal sea tratada conforme se explica en este documento.<\/p>\n\n\n\n<h3 class=\"wp-block-heading has-palette-color-4-color has-text-color has-link-color wp-elements-53d4b7d8bf7c2ec59ada924b583e3e00\" style=\"margin-top:var(--wp--preset--spacing--60)\">Uso de la Informaci\u00f3n Personal<\/h3>\n\n\n\n<p>La informaci\u00f3n personal se utiliza exclusivamente para fines relacionados con el uso del sitio web, como: procesamiento de pedidos y entregas, env\u00edo de confirmaciones de compra, comunicaciones sobre productos y servicios, emisi\u00f3n de comprobantes fiscales, atenci\u00f3n al cliente. Tienda Museo Las Lilas no vende ni alquila informaci\u00f3n personal de sus usuarios a terceros.<\/p>\n\n\n\n<h3 class=\"wp-block-heading has-palette-color-4-color has-text-color has-link-color wp-elements-565f50a4fc11b80a0a4df6364fe5c3fd\" style=\"margin-top:var(--wp--preset--spacing--60)\">Pol\u00edtica de Seguridad<\/h3>\n\n\n\n<p>Proteger su privacidad es nuestro objetivo principal. Su informaci\u00f3n personal est\u00e1 protegida por medidas de seguridad t\u00e9cnicas y organizativas. Toda la informaci\u00f3n recopilada se encuentra debidamente protegida para asegurar que las transacciones tengan adecuado resguardo y confidencialidad.<\/p>\n\n\n\n<h3 class=\"wp-block-heading has-palette-color-4-color has-text-color has-link-color wp-elements-465fd91337099af6f6e1454d2cdf298f\" style=\"margin-top:var(--wp--preset--spacing--60)\">R\u00e9gimen de Excepciones<\/h3>\n\n\n\n<p>La informaci\u00f3n personal podr\u00e1 ser revelada a terceros \u00fanicamente en los siguientes casos: cuando sea requerida por autoridad judicial o administrativa competente; en caso de necesidad para proteger la seguridad del sitio web; para cumplir con obligaciones legales o fiscales.<\/p>\n\n\n\n<p>No asumimos responsabilidad por la difusi\u00f3n de informaci\u00f3n personal que usted efect\u00fae por medios distintos a los previstos en nuestro sitio.<\/p>\n\n\n\n<h3 class=\"wp-block-heading has-palette-color-4-color has-text-color has-link-color wp-elements-1daae5bce3fd4c8e6588df3953387c06\" style=\"margin-top:var(--wp--preset--spacing--60)\">Correos Electr\u00f3nicos<\/h3>\n\n\n\n<p>Si env\u00eda un correo electr\u00f3nico, su mensaje y direcci\u00f3n pueden guardarse para responder a su consulta. Utilizamos esta informaci\u00f3n \u00fanicamente para mejorar nuestros servicios y responder a sus solicitudes.<\/p>\n\n\n\n<h3 class=\"wp-block-heading has-palette-color-4-color has-text-color has-link-color wp-elements-c6cad4a7983bac9ef486c6e8984b5d66\" style=\"margin-top:var(--wp--preset--spacing--60)\">Informaci\u00f3n de Uso del Sitio<\/h3>\n\n\n\n<p>Nuestros servidores recopilan autom\u00e1ticamente informaci\u00f3n como su direcci\u00f3n IP, tipo de navegador, p\u00e1ginas visitadas y tiempo de navegaci\u00f3n. Esta informaci\u00f3n nos permite generar informes sobre el uso de nuestro sitio web.<\/p>\n\n\n\n<h3 class=\"wp-block-heading has-palette-color-4-color has-text-color has-link-color wp-elements-dd4e57da2e9fd3f62a3c23685cec7dec\" style=\"margin-top:var(--wp--preset--spacing--60)\">Cookies<\/h3>\n\n\n\n<p>El sitio puede utilizar cookies para acceder a informaci\u00f3n adicional sobre su navegaci\u00f3n. Esta informaci\u00f3n incluye datos sobre su navegador, sistema operativo, p\u00e1ginas visitadas en nuestra web y preferencias. Esto nos permite mejorar nuestros servicios.<\/p>\n\n\n\n<h3 class=\"wp-block-heading has-palette-color-4-color has-text-color has-link-color wp-elements-2800d3c6f77a424f5fc7ac4f101efdfd\" style=\"margin-top:var(--wp--preset--spacing--60)\">Seguridad en Compras<\/h3>\n\n\n\n<p>Garantizamos la seguridad y confidencialidad en todas las comunicaciones con nuestros clientes. Las operaciones de pago se realizan a trav\u00e9s de servidores seguros que protegen sus datos. Los datos del proceso de compra son guardados por las empresas que intervienen en la operaci\u00f3n de pago.<\/p>\n\n\n\n<h3 class=\"wp-block-heading has-palette-color-4-color has-text-color has-link-color wp-elements-fce59757284dab49c648259c4a29b9c9\" style=\"margin-top:var(--wp--preset--spacing--60)\">Derechos del Usuario<\/h3>\n\n\n\n<p>Nuestros servidores recopilan autom\u00e1ticamente informaci\u00f3n como su direcci\u00f3n IP, tipo de navegador, p\u00e1ginas visitadas y tiempo de navegaci\u00f3n. Esta informaci\u00f3n nos permite generar informes sobre el uso de nuestro sitio web. Los usuarios tienen derecho a acceder a sus datos personales, rectificar datos inexactos, actualizar su informaci\u00f3n y solicitar la eliminaci\u00f3n de sus datos. Para ejercer estos derechos, puede contactarnos en <strong>tiendaonline@museolaslilas.org<\/strong> o actualizar su informaci\u00f3n directamente en su cuenta.<\/p>\n\n\n\n<h3 class=\"wp-block-heading has-palette-color-4-color has-text-color has-link-color wp-elements-74d1a7202a5d09b45763eaf2df6164b6\" style=\"margin-top:var(--wp--preset--spacing--60)\">Modificaciones<\/h3>\n\n\n\n<p>Tienda Museo Las Lilas puede revisar esta pol\u00edtica de privacidad en cualquier momento. Los cambios entrar\u00e1n en vigor inmediatamente despu\u00e9s de su publicaci\u00f3n en el sitio web.<\/p>\n\n\n\n<p><\/p>\n","protected":false},"excerpt":{"rendered":"<p>Pol\u00edtica de privacidad Tienda Museo Las Lilas se reserva el derecho de efectuar modificaciones a las presentes pol\u00edticas para dar mejor tratamiento a la informaci\u00f3n personal. Informaci\u00f3n Personal Recopilamos la informaci\u00f3n que usted ingresa en nuestro sitio web para operar el mismo. Los datos requeridos son necesarios para acceder a las funciones del sitio y [&hellip;]<\/p>\n","protected":false},"author":2,"featured_media":0,"parent":0,"menu_order":0,"comment_status":"closed","ping_status":"closed","template":"","meta":{"footnotes":""},"class_list":["post-126","page","type-page","status-publish","hentry"],"blocksy_meta":[],"_links":{"self":[{"href":"https:\/\/museolaslilas.org\/tienda\/wp-json\/wp\/v2\/pages\/126","targetHints":{"allow":["GET"]}}],"collection":[{"href":"https:\/\/museolaslilas.org\/tienda\/wp-json\/wp\/v2\/pages"}],"about":[{"href":"https:\/\/museolaslilas.org\/tienda\/wp-json\/wp\/v2\/types\/page"}],"author":[{"embeddable":true,"href":"https:\/\/museolaslilas.org\/tienda\/wp-json\/wp\/v2\/users\/2"}],"replies":[{"embeddable":true,"href":"https:\/\/museolaslilas.org\/tienda\/wp-json\/wp\/v2\/comments?post=126"}],"version-history":[{"count":11,"href":"https:\/\/museolaslilas.org\/tienda\/wp-json\/wp\/v2\/pages\/126\/revisions"}],"predecessor-version":[{"id":932,"href":"https:\/\/museolaslilas.org\/tienda\/wp-json\/wp\/v2\/pages\/126\/revisions\/932"}],"wp:attachment":[{"href":"https:\/\/museolaslilas.org\/tienda\/wp-json\/wp\/v2\/media?parent=126"}],"curies":[{"name":"wp","href":"https:\/\/api.w.org\/{rel}","templated":true}]}}