{"id":181,"date":"2024-10-03T11:13:31","date_gmt":"2024-10-03T14:13:31","guid":{"rendered":"https:\/\/museolaslilas.org\/tienda\/?post_type=product&#038;p=181"},"modified":"2025-08-19T15:20:27","modified_gmt":"2025-08-19T18:20:27","slug":"coleccion-anchorena-pampa-profunda","status":"publish","type":"product","link":"https:\/\/museolaslilas.org\/tienda\/producto\/coleccion-anchorena-pampa-profunda\/","title":{"rendered":"Colecci\u00f3n Anchorena: pampa profunda"},"content":{"rendered":"<p><strong>Cat\u00e1logo de la muestra \"Testimonios de Identidad. Colecci\u00f3n Collazo\" presentada en el Museo Las Lilas en 2018<\/strong><\/p>\n<p>La pampa profunda revela su esencia a trav\u00e9s de su arte originario, expresado en textiles, plater\u00eda y trabajos en cuero crudo.<\/p>\n<p>Alfredo Anchorena (1928-2015) dedic\u00f3 gran parte de su vida a formar la colecci\u00f3n, presentada por primera vez al p\u00fablico en nuestro museo, teniendo claro un objetivo: captar el alma de la pampa y la de sus habitantes.<\/p>\n<p>Este cat\u00e1logo re\u00fane excelentes fotograf\u00edas de las 300 piezas de plater\u00eda, cuero crudo y arte textil, provenientes de diversas culturas de Sudam\u00e9rica, que integraron la muestra.<\/p>\n<p>Incluye textos de Armando Deferrari, director del museo, y de Ernestina Anchorena, reconocida paisajista e hija de don Alfredo, quien nos brinda una mirada profunda sobre el valor cultural de cada pieza y del legado de su padre.<\/p>\n<p>P\u00e1ginas: 216<br \/>\nDimensiones: 21 \u00d7 21 cm<br \/>\nPeso: 0,5 kg<\/p>\n","protected":false},"excerpt":{"rendered":"<p>Cat\u00e1logo de la muestra \"Colecci\u00f3n Anchorena - Pampa profunda\" presentada en el Museo Las Lilas en 2018<\/p>\n","protected":false},"featured_media":183,"comment_status":"open","ping_status":"closed","template":"","meta":[],"product_brand":[],"product_cat":[24],"product_tag":[],"class_list":{"0":"post-181","1":"product","2":"type-product","3":"status-publish","4":"has-post-thumbnail","6":"product_cat-publicaciones-museo-las-lilas","8":"first","9":"instock","10":"taxable","11":"shipping-taxable","12":"purchasable","13":"product-type-simple"},"_links":{"self":[{"href":"https:\/\/museolaslilas.org\/tienda\/wp-json\/wp\/v2\/product\/181","targetHints":{"allow":["GET"]}}],"collection":[{"href":"https:\/\/museolaslilas.org\/tienda\/wp-json\/wp\/v2\/product"}],"about":[{"href":"https:\/\/museolaslilas.org\/tienda\/wp-json\/wp\/v2\/types\/product"}],"replies":[{"embeddable":true,"href":"https:\/\/museolaslilas.org\/tienda\/wp-json\/wp\/v2\/comments?post=181"}],"wp:featuredmedia":[{"embeddable":true,"href":"https:\/\/museolaslilas.org\/tienda\/wp-json\/wp\/v2\/media\/183"}],"wp:attachment":[{"href":"https:\/\/museolaslilas.org\/tienda\/wp-json\/wp\/v2\/media?parent=181"}],"wp:term":[{"taxonomy":"product_brand","embeddable":true,"href":"https:\/\/museolaslilas.org\/tienda\/wp-json\/wp\/v2\/product_brand?post=181"},{"taxonomy":"product_cat","embeddable":true,"href":"https:\/\/museolaslilas.org\/tienda\/wp-json\/wp\/v2\/product_cat?post=181"},{"taxonomy":"product_tag","embeddable":true,"href":"https:\/\/museolaslilas.org\/tienda\/wp-json\/wp\/v2\/product_tag?post=181"}],"curies":[{"name":"wp","href":"https:\/\/api.w.org\/{rel}","templated":true}]}}