{"id":586,"date":"2025-01-17T18:12:48","date_gmt":"2025-01-17T21:12:48","guid":{"rendered":"https:\/\/museolaslilas.org\/tienda\/?post_type=product&#038;p=586"},"modified":"2025-07-09T16:55:52","modified_gmt":"2025-07-09T19:55:52","slug":"eleodoro-marenco-de-gauchos-y-de-patria","status":"publish","type":"product","link":"https:\/\/museolaslilas.org\/tienda\/producto\/eleodoro-marenco-de-gauchos-y-de-patria\/","title":{"rendered":"Eleodoro Marenco: de gauchos y de patria"},"content":{"rendered":"<p><strong>Cat\u00e1logo de la muestra \"De gauchos y de patria\" realizada en 2015 en el Museo Las Lilas<\/strong><\/p>\n<p>Eleodoro E. Marenco (1914-1996) dedic\u00f3 su talento y pasi\u00f3n a investigar, dibujar y pintar la tradici\u00f3n y la historia argentina.<\/p>\n<p>De manera autodidacta, con carbonilla, l\u00e1piz, pluma, acuarela, t\u00e9mpera y \u00f3leo, y con singular destreza y un gran acopio de documentaci\u00f3n, retrat\u00f3 gauchos, peones e indios, as\u00ed como tambi\u00e9n soldados y h\u00e9roes de grandes batallas.<\/p>\n<p>Este cat\u00e1logo, estructurado en tres partes, incluye una exhaustiva biograf\u00eda ilustrada del artista; los trabajos realizados para distintas publicaciones; y las obras exhibidas en la muestra, reunidas gracias al entusiasmo y amabilidad de familiares y coleccionistas.<\/p>\n<p>P\u00e1ginas: 156<br \/>\nDimensiones: 21 \u00d7 21 cm<br \/>\nPeso: 0,7 kg<\/p>\n","protected":false},"excerpt":{"rendered":"<p>Cat\u00e1logo de la muestra \"Eleodoro Marenco - De gauchos y de patria\" presentada en el Museo Las Lilas en 2015<\/p>\n","protected":false},"featured_media":714,"comment_status":"open","ping_status":"closed","template":"","meta":[],"product_brand":[],"product_cat":[24],"product_tag":[],"class_list":{"0":"post-586","1":"product","2":"type-product","3":"status-publish","4":"has-post-thumbnail","6":"product_cat-publicaciones-museo-las-lilas","8":"first","9":"instock","10":"taxable","11":"shipping-taxable","12":"purchasable","13":"product-type-simple"},"_links":{"self":[{"href":"https:\/\/museolaslilas.org\/tienda\/wp-json\/wp\/v2\/product\/586","targetHints":{"allow":["GET"]}}],"collection":[{"href":"https:\/\/museolaslilas.org\/tienda\/wp-json\/wp\/v2\/product"}],"about":[{"href":"https:\/\/museolaslilas.org\/tienda\/wp-json\/wp\/v2\/types\/product"}],"replies":[{"embeddable":true,"href":"https:\/\/museolaslilas.org\/tienda\/wp-json\/wp\/v2\/comments?post=586"}],"wp:featuredmedia":[{"embeddable":true,"href":"https:\/\/museolaslilas.org\/tienda\/wp-json\/wp\/v2\/media\/714"}],"wp:attachment":[{"href":"https:\/\/museolaslilas.org\/tienda\/wp-json\/wp\/v2\/media?parent=586"}],"wp:term":[{"taxonomy":"product_brand","embeddable":true,"href":"https:\/\/museolaslilas.org\/tienda\/wp-json\/wp\/v2\/product_brand?post=586"},{"taxonomy":"product_cat","embeddable":true,"href":"https:\/\/museolaslilas.org\/tienda\/wp-json\/wp\/v2\/product_cat?post=586"},{"taxonomy":"product_tag","embeddable":true,"href":"https:\/\/museolaslilas.org\/tienda\/wp-json\/wp\/v2\/product_tag?post=586"}],"curies":[{"name":"wp","href":"https:\/\/api.w.org\/{rel}","templated":true}]}}